{"id":9,"date":"2026-03-06T15:49:37","date_gmt":"2026-03-06T15:49:37","guid":{"rendered":"https:\/\/app.globalyaku.com\/?page_id=9"},"modified":"2026-03-06T19:59:09","modified_gmt":"2026-03-06T19:59:09","slug":"home","status":"publish","type":"page","link":"https:\/\/app.globalyaku.com\/en\/","title":{"rendered":"Home"},"content":{"rendered":"<div data-elementor-type=\"wp-page\" data-elementor-id=\"9\" class=\"elementor elementor-9\" data-elementor-post-type=\"page\">\n\t\t\t\t<div class=\"elementor-element elementor-element-f8fde49 e-con-full e-flex e-con e-parent\" data-id=\"f8fde49\" data-element_type=\"container\" data-e-type=\"container\">\n\t\t\t\t<div class=\"elementor-element elementor-element-0bea701 elementor--h-position-center elementor--v-position-middle elementor-widget elementor-widget-slides\" data-id=\"0bea701\" data-element_type=\"widget\" data-e-type=\"widget\" data-settings=\"{&quot;navigation&quot;:&quot;none&quot;,&quot;autoplay&quot;:&quot;yes&quot;,&quot;pause_on_hover&quot;:&quot;yes&quot;,&quot;pause_on_interaction&quot;:&quot;yes&quot;,&quot;autoplay_speed&quot;:5000,&quot;infinite&quot;:&quot;yes&quot;,&quot;transition&quot;:&quot;slide&quot;,&quot;transition_speed&quot;:500}\" data-widget_type=\"slides.default\">\n\t\t\t\t\t\t\t\t\t\t<div class=\"elementor-slides-wrapper elementor-main-swiper swiper\" role=\"region\" aria-roledescription=\"carousel\" aria-label=\"Slides\" dir=\"ltr\" data-animation=\"zoomIn\">\n\t\t\t\t<div class=\"swiper-wrapper elementor-slides\">\n\t\t\t\t\t\t\t\t\t\t<div class=\"elementor-repeater-item-9bf33bc swiper-slide\" role=\"group\" aria-roledescription=\"slide\"><div class=\"swiper-slide-bg elementor-ken-burns elementor-ken-burns--in\" role=\"img\"><\/div><a class=\"swiper-slide-inner\" href=\"https:\/\/globalyaku.com\/2020\/08\/18\/medio-ambiente-y-permisos\/\"><div class=\"swiper-slide-contents\"><div class=\"elementor-slide-heading\">GLOBAL YAKU CONSULTORES<\/div><div class=\"elementor-slide-description\">Una d\u00e9cada de soluciones h\u00eddricas de la mano con GYC<\/div><div  class=\"elementor-button elementor-slide-button elementor-size-sm\">Mayor informaci\u00f3n<\/div><\/div><\/a><\/div><div class=\"elementor-repeater-item-5d5e599 swiper-slide\" role=\"group\" aria-roledescription=\"slide\"><div class=\"swiper-slide-bg elementor-ken-burns elementor-ken-burns--in\" role=\"img\"><\/div><a class=\"swiper-slide-inner\" href=\"https:\/\/globalyaku.com\/2020\/08\/18\/hidrogeoquimica\/\"><div class=\"swiper-slide-contents\"><div class=\"elementor-slide-heading\">Hidrogeoqu\u00edmica<\/div><div class=\"elementor-slide-description\">Soluciones integrales para el control hidrogeoqu\u00edmica de tu operaci\u00f3n<\/div><div  class=\"elementor-button elementor-slide-button elementor-size-sm\">Mayor informaci\u00f3n<\/div><\/div><\/a><\/div><div class=\"elementor-repeater-item-d1c7a46 swiper-slide\" role=\"group\" aria-roledescription=\"slide\"><div class=\"swiper-slide-bg elementor-ken-burns elementor-ken-burns--in\" role=\"img\"><\/div><a class=\"swiper-slide-inner\" href=\"https:\/\/globalyaku.com\/2020\/08\/18\/estudios-de-ingenieria\/\"><div class=\"swiper-slide-contents\"><div class=\"elementor-slide-heading\">Estudios de Ingenier\u00eda<\/div><div class=\"elementor-slide-description\">Soluciones de ingenier\u00eda geot\u00e9cnica, hidr\u00e1ulica y ambiental<\/div><div  class=\"elementor-button elementor-slide-button elementor-size-sm\">Mayor informaci\u00f3n<\/div><\/div><\/a><\/div><div class=\"elementor-repeater-item-9db57b6 swiper-slide\" role=\"group\" aria-roledescription=\"slide\"><div class=\"swiper-slide-bg elementor-ken-burns elementor-ken-burns--in\" role=\"img\"><\/div><a class=\"swiper-slide-inner\" href=\"https:\/\/globalyaku.com\/2020\/08\/18\/hidrologia\/\"><div class=\"swiper-slide-contents\"><div class=\"elementor-slide-heading\">Hidrolog\u00eda<\/div><div class=\"elementor-slide-description\">Optimizaci\u00f3n y gesti\u00f3n del recurso h\u00eddrico.<\/div><div  class=\"elementor-button elementor-slide-button elementor-size-sm\">Mayor informaci\u00f3n<\/div><\/div><\/a><\/div>\t\t\t\t<\/div>\n\t\t\t\t\t\t\t\t\t\t\t\t\t\t\t\t\t\t\t\t\t<\/div>\n\t\t\t\t\t\t\t\t<\/div>\n\t\t\t\t<\/div>\n\t\t<div class=\"elementor-element elementor-element-6d97fdd e-flex e-con-boxed e-con e-parent\" data-id=\"6d97fdd\" data-element_type=\"container\" data-e-type=\"container\">\n\t\t\t\t\t<div class=\"e-con-inner\">\n\t\t<div class=\"elementor-element elementor-element-e888a83 e-con-full e-flex e-con e-child\" data-id=\"e888a83\" data-element_type=\"container\" data-e-type=\"container\">\n\t\t\t\t<div class=\"elementor-element elementor-element-5d127a0 elementor-invisible elementor-widget elementor-widget-heading\" data-id=\"5d127a0\" data-element_type=\"widget\" data-e-type=\"widget\" data-settings=\"{&quot;_animation&quot;:&quot;fadeInLeft&quot;}\" data-widget_type=\"heading.default\">\n\t\t\t\t\t<h2 class=\"elementor-heading-title elementor-size-default\">\u00bfQui\u00e9nes<\/h2>\t\t\t\t<\/div>\n\t\t\t\t<div class=\"elementor-element elementor-element-ed0a8b0 elementor-invisible elementor-widget elementor-widget-heading\" data-id=\"ed0a8b0\" data-element_type=\"widget\" data-e-type=\"widget\" data-settings=\"{&quot;_animation&quot;:&quot;fadeInUp&quot;}\" data-widget_type=\"heading.default\">\n\t\t\t\t\t<h2 class=\"elementor-heading-title elementor-size-default\">somos?<\/h2>\t\t\t\t<\/div>\n\t\t\t\t<\/div>\n\t\t<div class=\"elementor-element elementor-element-046c594 e-con-full imagen-border2 e-flex e-con e-child\" data-id=\"046c594\" data-element_type=\"container\" data-e-type=\"container\">\n\t\t\t\t<div class=\"elementor-element elementor-element-8013011 elementor-invisible elementor-widget elementor-widget-image\" data-id=\"8013011\" data-element_type=\"widget\" data-e-type=\"widget\" data-settings=\"{&quot;_animation&quot;:&quot;fadeInUp&quot;}\" data-widget_type=\"image.default\">\n\t\t\t\t\t\t\t\t\t\t\t\t\t\t\t<img fetchpriority=\"high\" decoding=\"async\" width=\"1125\" height=\"750\" src=\"https:\/\/app.globalyaku.com\/wp-content\/uploads\/2026\/03\/nosotros-1.webp\" class=\"elementor-animation-float attachment-full size-full wp-image-28\" alt=\"\" srcset=\"https:\/\/app.globalyaku.com\/wp-content\/uploads\/2026\/03\/nosotros-1.webp 1125w, https:\/\/app.globalyaku.com\/wp-content\/uploads\/2026\/03\/nosotros-1-300x200.webp 300w, https:\/\/app.globalyaku.com\/wp-content\/uploads\/2026\/03\/nosotros-1-1024x683.webp 1024w, https:\/\/app.globalyaku.com\/wp-content\/uploads\/2026\/03\/nosotros-1-768x512.webp 768w, https:\/\/app.globalyaku.com\/wp-content\/uploads\/2026\/03\/nosotros-1-18x12.webp 18w\" sizes=\"(max-width: 1125px) 100vw, 1125px\" \/>\t\t\t\t\t\t\t\t\t\t\t\t\t\t\t<\/div>\n\t\t\t\t<\/div>\n\t\t\t\t\t<\/div>\n\t\t\t\t<\/div>\n\t\t<div class=\"elementor-element elementor-element-a7335d9 e-flex e-con-boxed e-con e-parent\" data-id=\"a7335d9\" data-element_type=\"container\" data-e-type=\"container\">\n\t\t\t\t\t<div class=\"e-con-inner\">\n\t\t<div class=\"elementor-element elementor-element-c803cb2 e-con-full e-flex e-con e-child\" data-id=\"c803cb2\" data-element_type=\"container\" data-e-type=\"container\">\n\t\t\t\t<\/div>\n\t\t<div class=\"elementor-element elementor-element-a33ce71 e-con-full e-flex elementor-invisible e-con e-child\" data-id=\"a33ce71\" data-element_type=\"container\" data-e-type=\"container\" data-settings=\"{&quot;background_background&quot;:&quot;classic&quot;,&quot;animation&quot;:&quot;fadeInRight&quot;}\">\n\t\t\t\t<div class=\"elementor-element elementor-element-3cd88ab elementor-widget elementor-widget-heading\" data-id=\"3cd88ab\" data-element_type=\"widget\" data-e-type=\"widget\" data-widget_type=\"heading.default\">\n\t\t\t\t\t<h2 class=\"elementor-heading-title elementor-size-default\">Somos una empresa especializada en la evaluaci\u00f3n de Recursos H\u00eddricos, elaboraci\u00f3n de Instrumentos de Gesti\u00f3n Ambiental (IGAs) y permisolog\u00eda ambiental; as\u00ed como, la elaboraci\u00f3n de expedientes de ingenier\u00eda a nivel conceptual, de factibilidad y de detalle, necesarios para el desarrollo e implementaci\u00f3n de diferentes proyectos del rubro.\n<\/h2>\t\t\t\t<\/div>\n\t\t\t\t<\/div>\n\t\t\t\t\t<\/div>\n\t\t\t\t<\/div>\n\t\t<div class=\"elementor-element elementor-element-303d4d3 e-flex e-con-boxed e-con e-parent\" data-id=\"303d4d3\" data-element_type=\"container\" data-e-type=\"container\">\n\t\t\t\t\t<div class=\"e-con-inner\">\n\t\t<div class=\"elementor-element elementor-element-03721fa e-con-full e-flex e-con e-child\" data-id=\"03721fa\" data-element_type=\"container\" data-e-type=\"container\">\n\t\t\t\t<div class=\"elementor-element elementor-element-65e5e0e imagen-border elementor-invisible elementor-widget elementor-widget-image\" data-id=\"65e5e0e\" data-element_type=\"widget\" data-e-type=\"widget\" data-settings=\"{&quot;_animation&quot;:&quot;fadeInUp&quot;,&quot;_animation_delay&quot;:300}\" data-widget_type=\"image.default\">\n\t\t\t\t\t\t\t\t\t\t\t\t\t\t\t<img decoding=\"async\" width=\"440\" height=\"440\" src=\"https:\/\/app.globalyaku.com\/wp-content\/uploads\/2026\/03\/home-inicio.webp\" class=\"elementor-animation-float attachment-full size-full wp-image-29\" alt=\"\" srcset=\"https:\/\/app.globalyaku.com\/wp-content\/uploads\/2026\/03\/home-inicio.webp 440w, https:\/\/app.globalyaku.com\/wp-content\/uploads\/2026\/03\/home-inicio-300x300.webp 300w, https:\/\/app.globalyaku.com\/wp-content\/uploads\/2026\/03\/home-inicio-150x150.webp 150w, https:\/\/app.globalyaku.com\/wp-content\/uploads\/2026\/03\/home-inicio-12x12.webp 12w\" sizes=\"(max-width: 440px) 100vw, 440px\" \/>\t\t\t\t\t\t\t\t\t\t\t\t\t\t\t<\/div>\n\t\t\t\t<\/div>\n\t\t<div class=\"elementor-element elementor-element-74b3b31 e-con-full e-flex e-con e-child\" data-id=\"74b3b31\" data-element_type=\"container\" data-e-type=\"container\">\n\t\t\t\t<div class=\"elementor-element elementor-element-4b1be1e elementor-invisible elementor-widget elementor-widget-heading\" data-id=\"4b1be1e\" data-element_type=\"widget\" data-e-type=\"widget\" data-settings=\"{&quot;_animation&quot;:&quot;fadeInRight&quot;,&quot;_animation_delay&quot;:300}\" data-widget_type=\"heading.default\">\n\t\t\t\t\t<h2 class=\"elementor-heading-title elementor-size-default\">\u00bfQu\u00e9 ofrecemos?\n<\/h2>\t\t\t\t<\/div>\n\t\t\t\t<div class=\"elementor-element elementor-element-eefbd60 elementor-invisible elementor-widget elementor-widget-heading\" data-id=\"eefbd60\" data-element_type=\"widget\" data-e-type=\"widget\" data-settings=\"{&quot;_animation&quot;:&quot;fadeInRight&quot;,&quot;_animation_delay&quot;:500}\" data-widget_type=\"heading.default\">\n\t\t\t\t\t<h2 class=\"elementor-heading-title elementor-size-default\">Ofrecemos soluciones eficientes con amplio conocimiento local y experiencia global, gracias a nuestro equipo de profesionales y especialistas de alto nivel y s\u00f3lida experiencia nacional e internacional, cuya experiencia acumulada bordean los 100 a\u00f1os; quienes nos permiten brindarles servicios de alta calidad.\n<\/h2>\t\t\t\t<\/div>\n\t\t\t\t<\/div>\n\t\t\t\t\t<\/div>\n\t\t\t\t<\/div>\n\t\t<div class=\"elementor-element elementor-element-4845483 e-flex e-con-boxed e-con e-parent\" data-id=\"4845483\" data-element_type=\"container\" data-e-type=\"container\">\n\t\t\t\t\t<div class=\"e-con-inner\">\n\t\t\t\t<div class=\"elementor-element elementor-element-8ca015c elementor-invisible elementor-widget elementor-widget-heading\" data-id=\"8ca015c\" data-element_type=\"widget\" data-e-type=\"widget\" data-settings=\"{&quot;_animation&quot;:&quot;fadeInUp&quot;,&quot;_animation_delay&quot;:500}\" data-widget_type=\"heading.default\">\n\t\t\t\t\t<h2 class=\"elementor-heading-title elementor-size-default\">Estamos registrados como:<\/h2>\t\t\t\t<\/div>\n\t\t\t\t\t<\/div>\n\t\t\t\t<\/div>\n\t\t<div class=\"elementor-element elementor-element-6fe044e e-flex e-con-boxed e-con e-parent\" data-id=\"6fe044e\" data-element_type=\"container\" data-e-type=\"container\">\n\t\t\t\t\t<div class=\"e-con-inner\">\n\t\t<div class=\"elementor-element elementor-element-8b04547 e-con-full card-zoom-bg e-flex elementor-invisible e-con e-child\" data-id=\"8b04547\" data-element_type=\"container\" data-e-type=\"container\" data-settings=\"{&quot;background_background&quot;:&quot;classic&quot;,&quot;animation&quot;:&quot;fadeInUp&quot;,&quot;animation_delay&quot;:100}\">\n\t\t\t\t<div class=\"elementor-element elementor-element-d468028 elementor-widget elementor-widget-spacer\" data-id=\"d468028\" data-element_type=\"widget\" data-e-type=\"widget\" data-widget_type=\"spacer.default\">\n\t\t\t\t\t\t\t<div class=\"elementor-spacer\">\n\t\t\t<div class=\"elementor-spacer-inner\"><\/div>\n\t\t<\/div>\n\t\t\t\t\t\t<\/div>\n\t\t\t\t<div class=\"elementor-element elementor-element-601e3a6 elementor-position-top elementor-widget elementor-widget-image-box\" data-id=\"601e3a6\" data-element_type=\"widget\" data-e-type=\"widget\" data-widget_type=\"image-box.default\">\n\t\t\t\t\t<div class=\"elementor-image-box-wrapper\"><figure class=\"elementor-image-box-img\"><img decoding=\"async\" width=\"64\" height=\"64\" src=\"https:\/\/app.globalyaku.com\/wp-content\/uploads\/2026\/03\/ic1.png\" class=\"attachment-full size-full wp-image-32\" alt=\"\" srcset=\"https:\/\/app.globalyaku.com\/wp-content\/uploads\/2026\/03\/ic1.png 64w, https:\/\/app.globalyaku.com\/wp-content\/uploads\/2026\/03\/ic1-12x12.png 12w\" sizes=\"(max-width: 64px) 100vw, 64px\" \/><\/figure><div class=\"elementor-image-box-content\"><h3 class=\"elementor-image-box-title\">Consultores<br>Ambientales<\/h3><\/div><\/div>\t\t\t\t<\/div>\n\t\t\t\t<div class=\"elementor-element elementor-element-ddbcacd elementor-align-center elementor-widget elementor-widget-button\" data-id=\"ddbcacd\" data-element_type=\"widget\" data-e-type=\"widget\" data-widget_type=\"button.default\">\n\t\t\t\t\t\t\t\t\t\t<a class=\"elementor-button elementor-button-link elementor-size-sm elementor-animation-float\" href=\"https:\/\/globalyaku.com\/wp-content\/uploads\/2023\/12\/Registro-SENACE-00088-2022-AgricMineriaTransp-1.pdf\">\n\t\t\t\t\t\t<span class=\"elementor-button-content-wrapper\">\n\t\t\t\t\t\t\t\t\t<span class=\"elementor-button-text\">Ver registro vigente<\/span>\n\t\t\t\t\t<\/span>\n\t\t\t\t\t<\/a>\n\t\t\t\t\t\t\t\t<\/div>\n\t\t\t\t<div class=\"elementor-element elementor-element-246ae74 elementor-widget elementor-widget-spacer\" data-id=\"246ae74\" data-element_type=\"widget\" data-e-type=\"widget\" data-widget_type=\"spacer.default\">\n\t\t\t\t\t\t\t<div class=\"elementor-spacer\">\n\t\t\t<div class=\"elementor-spacer-inner\"><\/div>\n\t\t<\/div>\n\t\t\t\t\t\t<\/div>\n\t\t\t\t<\/div>\n\t\t<div class=\"elementor-element elementor-element-bc03bf2 e-con-full card-zoom-bg e-flex elementor-invisible e-con e-child\" data-id=\"bc03bf2\" data-element_type=\"container\" data-e-type=\"container\" data-settings=\"{&quot;background_background&quot;:&quot;classic&quot;,&quot;animation&quot;:&quot;fadeInUp&quot;,&quot;animation_delay&quot;:300}\">\n\t\t\t\t<div class=\"elementor-element elementor-element-6ef1ef7 elementor-widget elementor-widget-spacer\" data-id=\"6ef1ef7\" data-element_type=\"widget\" data-e-type=\"widget\" data-widget_type=\"spacer.default\">\n\t\t\t\t\t\t\t<div class=\"elementor-spacer\">\n\t\t\t<div class=\"elementor-spacer-inner\"><\/div>\n\t\t<\/div>\n\t\t\t\t\t\t<\/div>\n\t\t\t\t<div class=\"elementor-element elementor-element-e210abe elementor-position-top elementor-widget elementor-widget-image-box\" data-id=\"e210abe\" data-element_type=\"widget\" data-e-type=\"widget\" data-widget_type=\"image-box.default\">\n\t\t\t\t\t<div class=\"elementor-image-box-wrapper\"><figure class=\"elementor-image-box-img\"><img loading=\"lazy\" decoding=\"async\" width=\"64\" height=\"64\" src=\"https:\/\/app.globalyaku.com\/wp-content\/uploads\/2026\/03\/ic2.png\" class=\"attachment-full size-full wp-image-33\" alt=\"\" srcset=\"https:\/\/app.globalyaku.com\/wp-content\/uploads\/2026\/03\/ic2.png 64w, https:\/\/app.globalyaku.com\/wp-content\/uploads\/2026\/03\/ic2-12x12.png 12w\" sizes=\"(max-width: 64px) 100vw, 64px\" \/><\/figure><div class=\"elementor-image-box-content\"><h3 class=\"elementor-image-box-title\">Consultores de <br>agua subterr\u00e1nea<\/h3><\/div><\/div>\t\t\t\t<\/div>\n\t\t\t\t<div class=\"elementor-element elementor-element-13e6db4 elementor-align-center elementor-widget elementor-widget-button\" data-id=\"13e6db4\" data-element_type=\"widget\" data-e-type=\"widget\" data-widget_type=\"button.default\">\n\t\t\t\t\t\t\t\t\t\t<a class=\"elementor-button elementor-button-link elementor-size-sm elementor-animation-float\" href=\"https:\/\/globalyaku.com\/wp-content\/uploads\/2026\/01\/CARTA-N%C2%B0-0065-2024-ANA-DARH-CUT.-316912024.pdf\">\n\t\t\t\t\t\t<span class=\"elementor-button-content-wrapper\">\n\t\t\t\t\t\t\t\t\t<span class=\"elementor-button-text\">Ver registro vigente<\/span>\n\t\t\t\t\t<\/span>\n\t\t\t\t\t<\/a>\n\t\t\t\t\t\t\t\t<\/div>\n\t\t\t\t<div class=\"elementor-element elementor-element-b1a2eaf elementor-widget elementor-widget-spacer\" data-id=\"b1a2eaf\" data-element_type=\"widget\" data-e-type=\"widget\" data-widget_type=\"spacer.default\">\n\t\t\t\t\t\t\t<div class=\"elementor-spacer\">\n\t\t\t<div class=\"elementor-spacer-inner\"><\/div>\n\t\t<\/div>\n\t\t\t\t\t\t<\/div>\n\t\t\t\t<\/div>\n\t\t<div class=\"elementor-element elementor-element-004714b e-con-full card-zoom-bg e-flex elementor-invisible e-con e-child\" data-id=\"004714b\" data-element_type=\"container\" data-e-type=\"container\" data-settings=\"{&quot;background_background&quot;:&quot;classic&quot;,&quot;animation&quot;:&quot;fadeInUp&quot;,&quot;animation_delay&quot;:500}\">\n\t\t\t\t<div class=\"elementor-element elementor-element-4666780 elementor-widget elementor-widget-spacer\" data-id=\"4666780\" data-element_type=\"widget\" data-e-type=\"widget\" data-widget_type=\"spacer.default\">\n\t\t\t\t\t\t\t<div class=\"elementor-spacer\">\n\t\t\t<div class=\"elementor-spacer-inner\"><\/div>\n\t\t<\/div>\n\t\t\t\t\t\t<\/div>\n\t\t\t\t<div class=\"elementor-element elementor-element-2851ee4 elementor-position-top elementor-widget elementor-widget-image-box\" data-id=\"2851ee4\" data-element_type=\"widget\" data-e-type=\"widget\" data-widget_type=\"image-box.default\">\n\t\t\t\t\t<div class=\"elementor-image-box-wrapper\"><figure class=\"elementor-image-box-img\"><img loading=\"lazy\" decoding=\"async\" width=\"64\" height=\"64\" src=\"https:\/\/app.globalyaku.com\/wp-content\/uploads\/2026\/03\/ic3.png\" class=\"attachment-full size-full wp-image-34\" alt=\"\" srcset=\"https:\/\/app.globalyaku.com\/wp-content\/uploads\/2026\/03\/ic3.png 64w, https:\/\/app.globalyaku.com\/wp-content\/uploads\/2026\/03\/ic3-12x12.png 12w\" sizes=\"(max-width: 64px) 100vw, 64px\" \/><\/figure><div class=\"elementor-image-box-content\"><h3 class=\"elementor-image-box-title\">Consultores de Planes<br> de Cierre de Minas<\/h3><\/div><\/div>\t\t\t\t<\/div>\n\t\t\t\t<div class=\"elementor-element elementor-element-8402ef5 elementor-align-center elementor-widget elementor-widget-button\" data-id=\"8402ef5\" data-element_type=\"widget\" data-e-type=\"widget\" data-widget_type=\"button.default\">\n\t\t\t\t\t\t\t\t\t\t<a class=\"elementor-button elementor-button-link elementor-size-sm elementor-animation-float\" href=\"https:\/\/globalyaku.com\/wp-content\/uploads\/2025\/08\/INF_045_2024_MINEM_DGAAM_DGAM-Planes-de-Cierre.pdf\">\n\t\t\t\t\t\t<span class=\"elementor-button-content-wrapper\">\n\t\t\t\t\t\t\t\t\t<span class=\"elementor-button-text\">Ver registro vigente<\/span>\n\t\t\t\t\t<\/span>\n\t\t\t\t\t<\/a>\n\t\t\t\t\t\t\t\t<\/div>\n\t\t\t\t<div class=\"elementor-element elementor-element-36a4467 elementor-widget elementor-widget-spacer\" data-id=\"36a4467\" data-element_type=\"widget\" data-e-type=\"widget\" data-widget_type=\"spacer.default\">\n\t\t\t\t\t\t\t<div class=\"elementor-spacer\">\n\t\t\t<div class=\"elementor-spacer-inner\"><\/div>\n\t\t<\/div>\n\t\t\t\t\t\t<\/div>\n\t\t\t\t<\/div>\n\t\t\t\t\t<\/div>\n\t\t\t\t<\/div>\n\t\t\t\t<\/div>","protected":false},"excerpt":{"rendered":"<p>GLOBAL YAKU CONSULTORESUna d\u00e9cada de soluciones h\u00eddricas de la mano con GYCMayor informaci\u00f3nHidrogeoqu\u00edmicaSoluciones integrales para el control hidrogeoqu\u00edmica de tu operaci\u00f3nMayor informaci\u00f3nEstudios de Ingenier\u00edaSoluciones de ingenier\u00eda geot\u00e9cnica, hidr\u00e1ulica y ambientalMayor informaci\u00f3nHidrolog\u00edaOptimizaci\u00f3n y gesti\u00f3n del recurso h\u00eddrico.Mayor informaci\u00f3n \u00bfQui\u00e9nes somos? Somos una empresa especializada en la evaluaci\u00f3n de Recursos H\u00eddricos, elaboraci\u00f3n de Instrumentos de Gesti\u00f3n Ambiental &#8230; <a title=\"Home\" class=\"read-more\" href=\"https:\/\/app.globalyaku.com\/en\/\" aria-label=\"Read more about Home\">Read more<\/a><\/p>","protected":false},"author":1,"featured_media":0,"parent":0,"menu_order":0,"comment_status":"closed","ping_status":"closed","template":"elementor_header_footer","meta":{"footnotes":""},"class_list":["post-9","page","type-page","status-publish"],"_hostinger_reach_plugin_has_subscription_block":false,"_hostinger_reach_plugin_is_elementor":false,"_links":{"self":[{"href":"https:\/\/app.globalyaku.com\/en\/wp-json\/wp\/v2\/pages\/9","targetHints":{"allow":["GET"]}}],"collection":[{"href":"https:\/\/app.globalyaku.com\/en\/wp-json\/wp\/v2\/pages"}],"about":[{"href":"https:\/\/app.globalyaku.com\/en\/wp-json\/wp\/v2\/types\/page"}],"author":[{"embeddable":true,"href":"https:\/\/app.globalyaku.com\/en\/wp-json\/wp\/v2\/users\/1"}],"replies":[{"embeddable":true,"href":"https:\/\/app.globalyaku.com\/en\/wp-json\/wp\/v2\/comments?post=9"}],"version-history":[{"count":8,"href":"https:\/\/app.globalyaku.com\/en\/wp-json\/wp\/v2\/pages\/9\/revisions"}],"predecessor-version":[{"id":186,"href":"https:\/\/app.globalyaku.com\/en\/wp-json\/wp\/v2\/pages\/9\/revisions\/186"}],"wp:attachment":[{"href":"https:\/\/app.globalyaku.com\/en\/wp-json\/wp\/v2\/media?parent=9"}],"curies":[{"name":"wp","href":"https:\/\/api.w.org\/{rel}","templated":true}]}}